{"id":82,"date":"2024-11-19T01:42:35","date_gmt":"2024-11-19T00:42:35","guid":{"rendered":"https:\/\/siti.unc.nc\/?page_id=82"},"modified":"2024-11-20T04:20:38","modified_gmt":"2024-11-20T03:20:38","slug":"actualites","status":"publish","type":"page","link":"https:\/\/siti.unc.nc\/?page_id=82","title":{"rendered":"Actualit\u00e9s"},"content":{"rendered":"\n<h2 class=\"wp-block-heading alignfull has-text-align-center has-custom-couleur-secondaire-ligh-background-color has-background\" style=\"border-style:none;border-width:0px;border-radius:0px;padding-top:var(--wp--preset--spacing--40);padding-bottom:var(--wp--preset--spacing--40)\">Actualit\u00e9s<\/h2>\n\n\n\n<div class=\"wp-block-group alignfull has-global-padding is-layout-constrained wp-container-core-group-is-layout-82458d09 wp-block-group-is-layout-constrained\" style=\"padding-top:80px;padding-right:20px;padding-bottom:100px;padding-left:20px\">\n<div class=\"wp-block-columns is-layout-flex wp-container-core-columns-is-layout-c82ef4ac wp-block-columns-is-layout-flex\" style=\"padding-top:0px;padding-right:0px;padding-bottom:0px;padding-left:0px\">\n<div class=\"wp-block-column is-layout-flow wp-block-column-is-layout-flow\">\n<div class=\"wp-block-group has-global-padding is-layout-constrained wp-container-core-group-is-layout-bbbc15a2 wp-block-group-is-layout-constrained\" style=\"padding-top:0px;padding-right:0px;padding-bottom:0px;padding-left:0px\">\n<div class=\"wp-block-query is-layout-flow wp-block-query-is-layout-flow\"><ul class=\"columns-1 wp-block-post-template is-layout-grid wp-container-core-post-template-is-layout-1c0d5eec wp-block-post-template-is-layout-grid\"><li class=\"wp-block-post post-74 post type-post status-publish format-standard has-post-thumbnail hentry category-non-classe\">\n\n<div class=\"wp-block-columns is-layout-flex wp-container-core-columns-is-layout-6127943d wp-block-columns-is-layout-flex\">\n<div class=\"wp-block-column is-layout-flow wp-block-column-is-layout-flow\" style=\"flex-basis:30%\"><figure style=\"aspect-ratio:4\/3;\" class=\"wp-block-post-featured-image\"><a href=\"https:\/\/siti.unc.nc\/?p=74\" target=\"_self\"  ><img loading=\"lazy\" decoding=\"async\" width=\"800\" height=\"670\" src=\"https:\/\/siti.unc.nc\/wp-content\/uploads\/2024\/11\/Publication-1.jpg\" class=\"attachment-post-thumbnail size-post-thumbnail wp-post-image\" alt=\"Le projet ANR SITI : Une \u00e9tude innovatrice sur les habitats informels en M\u00e9lan\u00e9sie\" style=\"border-radius:10px;width:100%;height:100%;object-fit:cover;\" srcset=\"https:\/\/siti.unc.nc\/wp-content\/uploads\/2024\/11\/Publication-1.jpg 800w, https:\/\/siti.unc.nc\/wp-content\/uploads\/2024\/11\/Publication-1-300x251.jpg 300w, https:\/\/siti.unc.nc\/wp-content\/uploads\/2024\/11\/Publication-1-768x643.jpg 768w\" sizes=\"auto, (max-width: 800px) 100vw, 800px\" \/><\/a><\/figure><\/div>\n\n\n\n<div class=\"wp-block-column is-layout-flow wp-container-core-column-is-layout-2785ee97 wp-block-column-is-layout-flow\" style=\"padding-top:0px;flex-basis:66.66%\"><h2 style=\"font-size:clamp(17.905px, 1.119rem + ((1vw - 3.2px) * 1.147), 28px); margin-bottom:15px;margin-top:10px;\" class=\"has-link-color wp-elements-51a894ca66ddec6222985c1146018bcd wp-block-post-title has-text-color has-custom-couleur-secondaire-dark-color has-chau-philomene-one-font-family\"><a href=\"https:\/\/siti.unc.nc\/?p=74\" target=\"_self\" >Le projet ANR SITI : Une \u00e9tude innovatrice sur les habitats informels en M\u00e9lan\u00e9sie<\/a><\/h2>\n\n<div style=\"font-size:14px; margin-top:0px;margin-right:0px;margin-bottom:0px;margin-left:0px;\" class=\"has-link-color wp-elements-f612916b59d69b51156d3a7c60de9ab3 wp-block-post-date has-text-color has-custom-couleur-secondaire-dark-color\"><time datetime=\"2024-11-18T22:19:17+01:00\">18 novembre 2024<\/time><\/div>\n\n<div style=\"color:#737171; font-size:clamp(14px, 0.875rem + ((1vw - 3.2px) * 0.227), 16px);\" class=\"has-link-color wp-elements-6c37a82a0bd85ed96ce1abcedd005a1a wp-block-post-excerpt has-text-color\"><p class=\"wp-block-post-excerpt__excerpt\">D&#xE9;couvrez le projet ANR SITI, une initiative de recherche interdisciplinaire qui explore les habitats informels dans les capitales du Pacifique insulaire. Focus sur Noum&#xE9;a, Suva et Port Vila, trois villes au c&#x153;ur des transformations urbaines dans la r&#xE9;gion. <\/p><\/div>\n\n<a style=\"font-size:14px; margin-top:15px;\" class=\"wp-elements-4c8546c0f649af99b2030c77ac24677d wp-block-read-more has-text-color has-custom-couleur-principale-color\" href=\"https:\/\/siti.unc.nc\/?p=74\" target=\"_self\"><strong>READ MORE<\/strong> \u2192<span class=\"screen-reader-text\">\u00a0: Le projet ANR SITI : Une \u00e9tude innovatrice sur les habitats informels en M\u00e9lan\u00e9sie<\/span><\/a><\/div>\n<\/div>\n\n\n\n<hr class=\"wp-block-separator has-text-color has-alpha-channel-opacity has-background is-style-wide\" style=\"margin-top:50px;margin-bottom:50px;background-color:#ebe9e9;color:#ebe9e9\"\/>\n\n<\/li><li class=\"wp-block-post post-1 post type-post status-publish format-standard hentry category-non-classe\">\n\n<div class=\"wp-block-columns is-layout-flex wp-container-core-columns-is-layout-6127943d wp-block-columns-is-layout-flex\">\n<div class=\"wp-block-column is-layout-flow wp-block-column-is-layout-flow\" style=\"flex-basis:30%\"><\/div>\n\n\n\n<div class=\"wp-block-column is-layout-flow wp-container-core-column-is-layout-2785ee97 wp-block-column-is-layout-flow\" style=\"padding-top:0px;flex-basis:66.66%\"><h2 style=\"font-size:clamp(17.905px, 1.119rem + ((1vw - 3.2px) * 1.147), 28px); margin-bottom:15px;margin-top:10px;\" class=\"has-link-color wp-elements-51a894ca66ddec6222985c1146018bcd wp-block-post-title has-text-color has-custom-couleur-secondaire-dark-color has-chau-philomene-one-font-family\"><a href=\"https:\/\/siti.unc.nc\/?p=1\" target=\"_self\" >Bonjour tout le monde\u00a0!<\/a><\/h2>\n\n<div style=\"font-size:14px; margin-top:0px;margin-right:0px;margin-bottom:0px;margin-left:0px;\" class=\"has-link-color wp-elements-f612916b59d69b51156d3a7c60de9ab3 wp-block-post-date has-text-color has-custom-couleur-secondaire-dark-color\"><time datetime=\"2024-11-16T09:01:07+01:00\">16 novembre 2024<\/time><\/div>\n\n<div style=\"color:#737171; font-size:clamp(14px, 0.875rem + ((1vw - 3.2px) * 0.227), 16px);\" class=\"has-link-color wp-elements-6c37a82a0bd85ed96ce1abcedd005a1a wp-block-post-excerpt has-text-color\"><p class=\"wp-block-post-excerpt__excerpt\">Bienvenue sur WordPress. Ceci est votre premier article. Modifiez-le ou supprimez-le, puis commencez &#xE0; &#xE9;crire&#xA0;! <\/p><\/div>\n\n<a style=\"font-size:14px; margin-top:15px;\" class=\"wp-elements-4c8546c0f649af99b2030c77ac24677d wp-block-read-more has-text-color has-custom-couleur-principale-color\" href=\"https:\/\/siti.unc.nc\/?p=1\" target=\"_self\"><strong>READ MORE<\/strong> \u2192<span class=\"screen-reader-text\">\u00a0: Bonjour tout le monde\u00a0!<\/span><\/a><\/div>\n<\/div>\n\n\n\n<hr class=\"wp-block-separator has-text-color has-alpha-channel-opacity has-background is-style-wide\" style=\"margin-top:50px;margin-bottom:50px;background-color:#ebe9e9;color:#ebe9e9\"\/>\n\n<\/li><\/ul>\n\n<\/div>\n\n\n\n<p><\/p>\n<\/div>\n<\/div>\n<\/div>\n<\/div>\n","protected":false},"excerpt":{"rendered":"<p>Actualit&#xE9;s<\/p>\n","protected":false},"author":1,"featured_media":0,"parent":0,"menu_order":0,"comment_status":"closed","ping_status":"closed","template":"","meta":{"footnotes":""},"class_list":["post-82","page","type-page","status-publish","hentry"],"yoast_head":"<!-- This site is optimized with the Yoast SEO plugin v23.9 - https:\/\/yoast.com\/wordpress\/plugins\/seo\/ -->\n<title>Actualit\u00e9s - ANR SITI<\/title>\n<meta name=\"robots\" content=\"index, follow, max-snippet:-1, max-image-preview:large, max-video-preview:-1\" \/>\n<link rel=\"canonical\" href=\"https:\/\/siti.unc.nc\/?page_id=82\" \/>\n<meta property=\"og:locale\" content=\"fr_FR\" \/>\n<meta property=\"og:type\" content=\"article\" \/>\n<meta property=\"og:title\" content=\"Actualit\u00e9s - ANR SITI\" \/>\n<meta property=\"og:description\" content=\"Actualit&#xE9;s\" \/>\n<meta property=\"og:url\" content=\"https:\/\/siti.unc.nc\/?page_id=82\" \/>\n<meta property=\"og:site_name\" content=\"ANR SITI\" \/>\n<meta property=\"article:modified_time\" content=\"2024-11-20T03:20:38+00:00\" \/>\n<meta name=\"twitter:card\" content=\"summary_large_image\" \/>\n<script type=\"application\/ld+json\" class=\"yoast-schema-graph\">{\"@context\":\"https:\/\/schema.org\",\"@graph\":[{\"@type\":\"WebPage\",\"@id\":\"https:\/\/siti.unc.nc\/?page_id=82\",\"url\":\"https:\/\/siti.unc.nc\/?page_id=82\",\"name\":\"Actualit\u00e9s - ANR SITI\",\"isPartOf\":{\"@id\":\"https:\/\/siti.unc.nc\/#website\"},\"datePublished\":\"2024-11-19T00:42:35+00:00\",\"dateModified\":\"2024-11-20T03:20:38+00:00\",\"breadcrumb\":{\"@id\":\"https:\/\/siti.unc.nc\/?page_id=82#breadcrumb\"},\"inLanguage\":\"fr-FR\",\"potentialAction\":[{\"@type\":\"ReadAction\",\"target\":[\"https:\/\/siti.unc.nc\/?page_id=82\"]}]},{\"@type\":\"BreadcrumbList\",\"@id\":\"https:\/\/siti.unc.nc\/?page_id=82#breadcrumb\",\"itemListElement\":[{\"@type\":\"ListItem\",\"position\":1,\"name\":\"Accueil\",\"item\":\"https:\/\/siti.unc.nc\/\"},{\"@type\":\"ListItem\",\"position\":2,\"name\":\"Actualit\u00e9s\"}]},{\"@type\":\"WebSite\",\"@id\":\"https:\/\/siti.unc.nc\/#website\",\"url\":\"https:\/\/siti.unc.nc\/\",\"name\":\"ANR SITI\",\"description\":\"Comprendre Hier, Observer Aujourd&#039;hui, et Construire Demain\",\"publisher\":{\"@id\":\"https:\/\/siti.unc.nc\/#organization\"},\"potentialAction\":[{\"@type\":\"SearchAction\",\"target\":{\"@type\":\"EntryPoint\",\"urlTemplate\":\"https:\/\/siti.unc.nc\/?s={search_term_string}\"},\"query-input\":{\"@type\":\"PropertyValueSpecification\",\"valueRequired\":true,\"valueName\":\"search_term_string\"}}],\"inLanguage\":\"fr-FR\"},{\"@type\":\"Organization\",\"@id\":\"https:\/\/siti.unc.nc\/#organization\",\"name\":\"ANR SITI\",\"url\":\"https:\/\/siti.unc.nc\/\",\"logo\":{\"@type\":\"ImageObject\",\"inLanguage\":\"fr-FR\",\"@id\":\"https:\/\/siti.unc.nc\/#\/schema\/logo\/image\/\",\"url\":\"https:\/\/siti.unc.nc\/wp-content\/uploads\/2024\/11\/Logo.png\",\"contentUrl\":\"https:\/\/siti.unc.nc\/wp-content\/uploads\/2024\/11\/Logo.png\",\"width\":1550,\"height\":645,\"caption\":\"ANR SITI\"},\"image\":{\"@id\":\"https:\/\/siti.unc.nc\/#\/schema\/logo\/image\/\"}}]}<\/script>\n<!-- \/ Yoast SEO plugin. -->","yoast_head_json":{"title":"Actualit\u00e9s - ANR SITI","robots":{"index":"index","follow":"follow","max-snippet":"max-snippet:-1","max-image-preview":"max-image-preview:large","max-video-preview":"max-video-preview:-1"},"canonical":"https:\/\/siti.unc.nc\/?page_id=82","og_locale":"fr_FR","og_type":"article","og_title":"Actualit\u00e9s - ANR SITI","og_description":"Actualit&#xE9;s","og_url":"https:\/\/siti.unc.nc\/?page_id=82","og_site_name":"ANR SITI","article_modified_time":"2024-11-20T03:20:38+00:00","twitter_card":"summary_large_image","schema":{"@context":"https:\/\/schema.org","@graph":[{"@type":"WebPage","@id":"https:\/\/siti.unc.nc\/?page_id=82","url":"https:\/\/siti.unc.nc\/?page_id=82","name":"Actualit\u00e9s - ANR SITI","isPartOf":{"@id":"https:\/\/siti.unc.nc\/#website"},"datePublished":"2024-11-19T00:42:35+00:00","dateModified":"2024-11-20T03:20:38+00:00","breadcrumb":{"@id":"https:\/\/siti.unc.nc\/?page_id=82#breadcrumb"},"inLanguage":"fr-FR","potentialAction":[{"@type":"ReadAction","target":["https:\/\/siti.unc.nc\/?page_id=82"]}]},{"@type":"BreadcrumbList","@id":"https:\/\/siti.unc.nc\/?page_id=82#breadcrumb","itemListElement":[{"@type":"ListItem","position":1,"name":"Accueil","item":"https:\/\/siti.unc.nc\/"},{"@type":"ListItem","position":2,"name":"Actualit\u00e9s"}]},{"@type":"WebSite","@id":"https:\/\/siti.unc.nc\/#website","url":"https:\/\/siti.unc.nc\/","name":"ANR SITI","description":"Comprendre Hier, Observer Aujourd&#039;hui, et Construire Demain","publisher":{"@id":"https:\/\/siti.unc.nc\/#organization"},"potentialAction":[{"@type":"SearchAction","target":{"@type":"EntryPoint","urlTemplate":"https:\/\/siti.unc.nc\/?s={search_term_string}"},"query-input":{"@type":"PropertyValueSpecification","valueRequired":true,"valueName":"search_term_string"}}],"inLanguage":"fr-FR"},{"@type":"Organization","@id":"https:\/\/siti.unc.nc\/#organization","name":"ANR SITI","url":"https:\/\/siti.unc.nc\/","logo":{"@type":"ImageObject","inLanguage":"fr-FR","@id":"https:\/\/siti.unc.nc\/#\/schema\/logo\/image\/","url":"https:\/\/siti.unc.nc\/wp-content\/uploads\/2024\/11\/Logo.png","contentUrl":"https:\/\/siti.unc.nc\/wp-content\/uploads\/2024\/11\/Logo.png","width":1550,"height":645,"caption":"ANR SITI"},"image":{"@id":"https:\/\/siti.unc.nc\/#\/schema\/logo\/image\/"}}]}},"_links":{"self":[{"href":"https:\/\/siti.unc.nc\/index.php?rest_route=\/wp\/v2\/pages\/82","targetHints":{"allow":["GET"]}}],"collection":[{"href":"https:\/\/siti.unc.nc\/index.php?rest_route=\/wp\/v2\/pages"}],"about":[{"href":"https:\/\/siti.unc.nc\/index.php?rest_route=\/wp\/v2\/types\/page"}],"author":[{"embeddable":true,"href":"https:\/\/siti.unc.nc\/index.php?rest_route=\/wp\/v2\/users\/1"}],"replies":[{"embeddable":true,"href":"https:\/\/siti.unc.nc\/index.php?rest_route=%2Fwp%2Fv2%2Fcomments&post=82"}],"version-history":[{"count":4,"href":"https:\/\/siti.unc.nc\/index.php?rest_route=\/wp\/v2\/pages\/82\/revisions"}],"predecessor-version":[{"id":175,"href":"https:\/\/siti.unc.nc\/index.php?rest_route=\/wp\/v2\/pages\/82\/revisions\/175"}],"wp:attachment":[{"href":"https:\/\/siti.unc.nc\/index.php?rest_route=%2Fwp%2Fv2%2Fmedia&parent=82"}],"curies":[{"name":"wp","href":"https:\/\/api.w.org\/{rel}","templated":true}]}}